{"id":6,"date":"2014-10-02T08:50:36","date_gmt":"2014-10-02T07:50:36","guid":{"rendered":"http:\/\/sapi.paris-lavillette.archi.fr\/CTID924\/?page_id=6"},"modified":"2015-09-23T10:44:08","modified_gmt":"2015-09-23T09:44:08","slug":"presentation","status":"publish","type":"page","link":"https:\/\/sapi.paris-lavillette.archi.fr\/CTID924\/?page_id=6","title":{"rendered":"Pr\u00e9sentation"},"content":{"rendered":"<p>L\u2019objectif principal de l&rsquo;enseignement est de mettre en pratique un continuum num\u00e9rique de la conception \u00e0 la fabrication.<\/p>\n<p>Les objectifs relatifs au continuum num\u00e9rique sont les suivants :<\/p>\n<ul>\n<li>Concevoir une maquette num\u00e9rique destin\u00e9e \u00e0 \u00eatre fabriqu\u00e9e : utiliser la mod\u00e9lisation param\u00e9trique et le scripting, adapter la conception aux mat\u00e9riaux choisis, exp\u00e9rimenter les assemblages.<\/li>\n<li>R\u00e9aliser la maquette physique \u00e0 l\u2019aide d\u2019outils de fabrication num\u00e9rique : concevoir les fichiers destin\u00e9s \u00e0 la fabrication, assembler et \u00e9valuer la maquette physique.<\/li>\n<\/ul>\n","protected":false},"excerpt":{"rendered":"<p>L\u2019objectif principal de l&rsquo;enseignement est de mettre en pratique un continuum num\u00e9rique de la conception \u00e0 la fabrication. Les objectifs relatifs au continuum num\u00e9rique sont les suivants : Concevoir une maquette num\u00e9rique destin\u00e9e \u00e0 \u00eatre fabriqu\u00e9e : utiliser la mod\u00e9lisation param\u00e9trique et le scripting, adapter la conception aux mat\u00e9riaux choisis, exp\u00e9rimenter les assemblages. R\u00e9aliser la maquette physique \u00e0 l\u2019aide d\u2019outils de fabrication num\u00e9rique : concevoir les fichiers destin\u00e9s \u00e0 la fabrication, assembler et \u00e9valuer la maquette physique.<\/p>\n","protected":false},"author":1,"featured_media":0,"parent":0,"menu_order":0,"comment_status":"open","ping_status":"open","template":"","meta":{"footnotes":""},"_links":{"self":[{"href":"https:\/\/sapi.paris-lavillette.archi.fr\/CTID924\/index.php?rest_route=\/wp\/v2\/pages\/6"}],"collection":[{"href":"https:\/\/sapi.paris-lavillette.archi.fr\/CTID924\/index.php?rest_route=\/wp\/v2\/pages"}],"about":[{"href":"https:\/\/sapi.paris-lavillette.archi.fr\/CTID924\/index.php?rest_route=\/wp\/v2\/types\/page"}],"author":[{"embeddable":true,"href":"https:\/\/sapi.paris-lavillette.archi.fr\/CTID924\/index.php?rest_route=\/wp\/v2\/users\/1"}],"replies":[{"embeddable":true,"href":"https:\/\/sapi.paris-lavillette.archi.fr\/CTID924\/index.php?rest_route=%2Fwp%2Fv2%2Fcomments&post=6"}],"version-history":[{"count":9,"href":"https:\/\/sapi.paris-lavillette.archi.fr\/CTID924\/index.php?rest_route=\/wp\/v2\/pages\/6\/revisions"}],"predecessor-version":[{"id":1368,"href":"https:\/\/sapi.paris-lavillette.archi.fr\/CTID924\/index.php?rest_route=\/wp\/v2\/pages\/6\/revisions\/1368"}],"wp:attachment":[{"href":"https:\/\/sapi.paris-lavillette.archi.fr\/CTID924\/index.php?rest_route=%2Fwp%2Fv2%2Fmedia&parent=6"}],"curies":[{"name":"wp","href":"https:\/\/api.w.org\/{rel}","templated":true}]}}