{"id":627,"date":"2014-10-24T10:33:07","date_gmt":"2014-10-24T09:33:07","guid":{"rendered":"http:\/\/sapi.paris-lavillette.archi.fr\/CTID924\/?page_id=627"},"modified":"2016-09-26T20:26:23","modified_gmt":"2016-09-26T19:26:23","slug":"consignes-pour-decrire-les-cas","status":"publish","type":"page","link":"https:\/\/sapi.paris-lavillette.archi.fr\/CTID924\/?page_id=627","title":{"rendered":"Consignes pour d\u00e9crire les cas"},"content":{"rendered":"<p><em><b>Organisation du descriptif des cas pr\u00e9sent\u00e9s dans l&rsquo;\u00e9tat de l&rsquo;art<\/b><\/em><\/p>\n<p>Chaque cas doit \u00eatre pr\u00e9sent\u00e9 de mani\u00e8re structur\u00e9e afin de montrer de quelle mani\u00e8re le continuum num\u00e9rique est mis en \u0153uvre.<\/p>\n<p>Pr\u00e9senter le cas et son contexte dans un paragraphe introductif.<\/p>\n<p>Deux principales phases doivent ensuite \u00eatre d\u00e9crites\u00a0:<\/p>\n<ol>\n<li>La conception et la mod\u00e9lisation<\/li>\n<li>La mat\u00e9rialisation du projet\u00a0: fabrication, assemblage, montage<\/li>\n<\/ol>\n<p>Ces deux phases \u00e9tant \u00e9troitement li\u00e9es dans le cas d&rsquo;un continuum num\u00e9rique, la partie relative \u00e0 la phase 1 doit montrer de quelle mani\u00e8re la mat\u00e9rialisation est prise en compte dans la phase de conception et de mod\u00e9lisation. Les aspects suivants peuvent ainsi faire l&rsquo;objet de d\u00e9veloppements\u00a0:<\/p>\n<ul>\n<li>Type de machine, d&rsquo;outil de fabrication ou d&rsquo;imprimante 3d<\/li>\n<li>Type de mat\u00e9riau<\/li>\n<li>Discr\u00e9tisation (d\u00e9coupage)<\/li>\n<li>Type d&rsquo;assemblage<\/li>\n<li>Proc\u00e9dure de montage<\/li>\n<li>Scripting<\/li>\n<li>\u2026.<\/li>\n<\/ul>\n<p>Les sources utilis\u00e9es pour d\u00e9crire les cas (textes, images, vid\u00e9os) doivent \u00eatre imp\u00e9rativement indiqu\u00e9es (r\u00e9f\u00e9rence bibliographique, adresse des sites web).<\/p>\n","protected":false},"excerpt":{"rendered":"<p>Organisation du descriptif des cas pr\u00e9sent\u00e9s dans l&rsquo;\u00e9tat de l&rsquo;art Chaque cas doit \u00eatre pr\u00e9sent\u00e9 de mani\u00e8re structur\u00e9e afin de montrer de quelle mani\u00e8re le continuum num\u00e9rique est mis en \u0153uvre. Pr\u00e9senter le cas et son contexte dans un paragraphe introductif. Deux principales phases doivent ensuite \u00eatre d\u00e9crites\u00a0: La conception et la mod\u00e9lisation La mat\u00e9rialisation du projet\u00a0: fabrication, assemblage, montage Ces deux phases \u00e9tant \u00e9troitement li\u00e9es dans le cas d&rsquo;un continuum num\u00e9rique, la partie relative \u00e0 la phase 1 doit montrer de quelle mani\u00e8re la mat\u00e9rialisation est prise en compte dans la phase de conception et de mod\u00e9lisation. Les aspects suivants peuvent ainsi faire l&rsquo;objet de d\u00e9veloppements\u00a0: Type de machine, d&rsquo;outil de fabrication ou d&rsquo;imprimante 3d Type de mat\u00e9riau Discr\u00e9tisation (d\u00e9coupage) Type d&rsquo;assemblage Proc\u00e9dure de montage Scripting \u2026. Les sources utilis\u00e9es pour d\u00e9crire les cas (textes, images, vid\u00e9os) doivent \u00eatre imp\u00e9rativement indiqu\u00e9es (r\u00e9f\u00e9rence bibliographique, adresse des sites web).<\/p>\n","protected":false},"author":1,"featured_media":0,"parent":0,"menu_order":0,"comment_status":"open","ping_status":"open","template":"","meta":{"footnotes":""},"_links":{"self":[{"href":"https:\/\/sapi.paris-lavillette.archi.fr\/CTID924\/index.php?rest_route=\/wp\/v2\/pages\/627"}],"collection":[{"href":"https:\/\/sapi.paris-lavillette.archi.fr\/CTID924\/index.php?rest_route=\/wp\/v2\/pages"}],"about":[{"href":"https:\/\/sapi.paris-lavillette.archi.fr\/CTID924\/index.php?rest_route=\/wp\/v2\/types\/page"}],"author":[{"embeddable":true,"href":"https:\/\/sapi.paris-lavillette.archi.fr\/CTID924\/index.php?rest_route=\/wp\/v2\/users\/1"}],"replies":[{"embeddable":true,"href":"https:\/\/sapi.paris-lavillette.archi.fr\/CTID924\/index.php?rest_route=%2Fwp%2Fv2%2Fcomments&post=627"}],"version-history":[{"count":4,"href":"https:\/\/sapi.paris-lavillette.archi.fr\/CTID924\/index.php?rest_route=\/wp\/v2\/pages\/627\/revisions"}],"predecessor-version":[{"id":3754,"href":"https:\/\/sapi.paris-lavillette.archi.fr\/CTID924\/index.php?rest_route=\/wp\/v2\/pages\/627\/revisions\/3754"}],"wp:attachment":[{"href":"https:\/\/sapi.paris-lavillette.archi.fr\/CTID924\/index.php?rest_route=%2Fwp%2Fv2%2Fmedia&parent=627"}],"curies":[{"name":"wp","href":"https:\/\/api.w.org\/{rel}","templated":true}]}}